{"id":36245,"date":"2025-10-30T16:31:10","date_gmt":"2025-10-30T15:31:10","guid":{"rendered":"https:\/\/www.astravernici.it\/?page_id=36245"},"modified":"2025-11-06T08:42:29","modified_gmt":"2025-11-06T07:42:29","slug":"etichettatura-ambientale","status":"publish","type":"page","link":"https:\/\/www.astravernici.it\/it\/etichettatura-ambientale\/","title":{"rendered":"Etichettatura ambientale"},"content":{"rendered":"<p>[vc_row full_width=&#8221;stretch_row_content_no_spaces&#8221; css=&#8221;.vc_custom_1667645085011{padding-top: 60px !important;}&#8221;][vc_column]<div id=\"fullwidth-block-6a06e88d204b4\" class=\"fullwidth-block fullwidth-block-parallax-vertical clearfix\" data-mobile-parallax-enable=\"0\" style=\"color: #ffffff;padding-top: 100px;padding-bottom: 100px;padding-left: 200px;padding-right: 200px;\"><script type=\"text\/javascript\">if (typeof(gem_fix_fullwidth_position) == \"function\") { gem_fix_fullwidth_position(document.getElementById(\"fullwidth-block-6a06e88d204b4\")); }<\/script><div class=\"fullwidth-block-background\" style=\"background-image: url(https:\/\/www.astravernici.it\/wp-content\/uploads\/2022\/05\/pexels-joe-9576406-scaled.jpg);background-repeat: no-repeat; background-size: cover;background-position: center center;\"><\/div><div class=\"fullwidth-block-inner\">[vc_custom_heading text=&#8221;ETICHETTATURA AMBIENTALE&#8221; font_container=&#8221;tag:h2|text_align:center|color:%23ffffff&#8221; use_theme_fonts=&#8221;yes&#8221;]<\/div><\/div>[\/vc_column][\/vc_row][vc_row css=&#8221;.vc_custom_1611242380553{padding-top: 60px !important;}&#8221;][vc_column width=&#8221;1\/2&#8243; css=&#8221;.vc_custom_1611242083099{margin-top: -13px !important;}&#8221; offset=&#8221;vc_col-lg-12 vc_col-md-12&#8243;][vc_row_inner][vc_column_inner width=&#8221;1\/6&#8243; css=&#8221;.vc_custom_1456648042128{padding-right: 0px !important;}&#8221; offset=&#8221;vc_hidden-md vc_hidden-sm vc_hidden-xs&#8221;]<div class=\"clearboth\"><\/div><div class=\"gem-divider \" style=\"margin-top: 23px;\"><\/div>[vc_separator color=&#8221;custom&#8221; style=&#8221;double&#8221; border_width=&#8221;2&#8243; accent_color=&#8221;#dfe5e8&#8243;][\/vc_column_inner][vc_column_inner width=&#8221;2\/3&#8243;][vc_column_text]<\/p>\n<h2 style=\"text-align: center;\">Il nostro impegno per il corretto smaltimento dei rifiuti<\/h2>\n<p>[\/vc_column_text][\/vc_column_inner][vc_column_inner width=&#8221;1\/6&#8243; css=&#8221;.vc_custom_1456648092629{padding-left: 0px !important;}&#8221; offset=&#8221;vc_hidden-md vc_hidden-sm vc_hidden-xs&#8221;]<div class=\"clearboth\"><\/div><div class=\"gem-divider \" style=\"margin-top: 23px;\"><\/div>[vc_separator color=&#8221;custom&#8221; style=&#8221;double&#8221; border_width=&#8221;2&#8243; accent_color=&#8221;#dfe5e8&#8243;][\/vc_column_inner][\/vc_row_inner][vc_row_inner css=&#8221;.vc_custom_1461313035205{margin-top: 39px !important;}&#8221;][vc_column_inner][vc_column_text]<\/p>\n<p data-start=\"226\" data-end=\"604\">Dal 1\u00b0 gennaio 2023 \u00e8 entrato in vigore in Italia l\u2019obbligo di <strong data-start=\"293\" data-end=\"338\">etichettatura ambientale degli imballaggi<\/strong>, introdotto dal <strong>D.Lgs. 116\/2020<\/strong>, in attuazione della <strong data-start=\"396\" data-end=\"419\">Decisione 97\/129\/CE<\/strong> della Commissione Europea. L\u2019obiettivo \u00e8 garantire una <strong data-start=\"477\" data-end=\"552\" data-is-only-node=\"\">corretta identificazione e classificazione dei materiali di imballaggio<\/strong>, favorendo il loro corretto recupero o smaltimento.<\/p>\n<p data-start=\"226\" data-end=\"604\">La <strong data-start=\"743\" data-end=\"771\">pericolosit\u00e0 dei rifiuti<\/strong> che contengono, o hanno contenuto, anche solo parzialmente i nostri prodotti deve essere valutata in conformit\u00e0 alle <strong data-start=\"889\" data-end=\"925\">disposizioni legislative vigenti<\/strong>, sia nazionali che locali.<\/p>\n<p>[\/vc_column_text][\/vc_column_inner][\/vc_row_inner][\/vc_column][\/vc_row][vc_row full_width=&#8221;stretch_row_content_no_spaces&#8221; css=&#8221;.vc_custom_1667645085011{padding-top: 60px !important;}&#8221;][vc_column]<div id=\"fullwidth-block-6a06e88d207e0\" class=\"fullwidth-block fullwidth-block-parallax-vertical clearfix\" data-mobile-parallax-enable=\"0\" style=\"color: #ffffff;padding-top: 200px;padding-bottom: 200px;padding-left: 200px;padding-right: 200px;\"><script type=\"text\/javascript\">if (typeof(gem_fix_fullwidth_position) == \"function\") { gem_fix_fullwidth_position(document.getElementById(\"fullwidth-block-6a06e88d207e0\")); }<\/script><div class=\"fullwidth-block-background\" style=\"background-image: url(https:\/\/www.astravernici.it\/wp-content\/uploads\/2025\/10\/foresta-di-bambu-boschetti-di-arashiyama-giappone-scaled.jpg);background-repeat: no-repeat; background-size: cover;background-position: center center;\"><\/div><div class=\"fullwidth-block-inner\">[vc_custom_heading text=&#8221;Gli imballi di Astra Vernici&#8221; font_container=&#8221;tag:h3|text_align:center|color:%23ffffff&#8221; use_theme_fonts=&#8221;yes&#8221;][vc_column_text]<\/p>\n<p style=\"text-align: center;\">Per garantire una corretta gestione dell&#8217;etichettatura ambientale,<br \/>\ndi seguito riportiamo i materiali di imballaggio da noi utilizzati.<\/p>\n<p style=\"text-align: center;\">Anche tu puoi fare la differenza: riutilizza gli imballaggi quando puoi e<br \/>\nconferiscili in modo corretto al termine del loro utilizzo.[\/vc_column_text]<\/div><\/div>[\/vc_column][\/vc_row][vc_row equal_height=&#8221;yes&#8221; content_placement=&#8221;middle&#8221; css=&#8221;.vc_custom_1761304182237{padding-top: 60px !important;padding-bottom: 60px !important;}&#8221;][vc_column width=&#8221;2\/3&#8243; el_sticky=&#8221;1&#8243;][vc_custom_heading text=&#8221;Latta al solvente&#8221; font_container=&#8221;tag:h3|text_align:left&#8221; use_theme_fonts=&#8221;yes&#8221;][vc_column_text]Corpo: metallo (<strong>FE40<\/strong>)<br \/>\nCoperchio: metallo (<strong>FE40<\/strong>)<br \/>\nCravatta: metallo (<strong>FE40<\/strong>)<br \/>\nManico: metallo (<strong>FE40<\/strong>)<br \/>\nTappo: plastica (<strong>HDPE2<\/strong>)<br \/>\nSigillo: plastica (<strong>HDPE2<\/strong>)<br \/>\nEtichetta: carta autoadesiva rimovibile (<strong>PAP22<\/strong>)[\/vc_column_text][\/vc_column][vc_column width=&#8221;1\/3&#8243;][vc_empty_space height=&#8221;85px&#8221;][vc_single_image image=&#8221;36084&#8243; img_size=&#8221;medium&#8221; alignment=&#8221;center&#8221; css=&#8221;.vc_custom_1761231301427{margin-top: -70px !important;margin-bottom: -70px !important;}&#8221;][\/vc_column][\/vc_row][vc_row][vc_column][vc_empty_space height=&#8221;45px&#8221;][\/vc_column][vc_column width=&#8221;2\/3&#8243;][vc_custom_heading text=&#8221;Latta all&#8217;acqua&#8221; font_container=&#8221;tag:h3|text_align:left&#8221; use_theme_fonts=&#8221;yes&#8221;][vc_column_text]Corpo: metallo (<strong>FE40<\/strong>)<br \/>\nCoperchio: metallo (<strong>FE40<\/strong>)<br \/>\nCravatta: metallo (<strong>FE40<\/strong>)<br \/>\nManico: metallo (<strong>FE40<\/strong>)<br \/>\nTappo: plastica (<strong>HDPE2<\/strong>)<br \/>\nSigillo: plastica (<strong>HDPE2<\/strong>)<br \/>\nEtichetta: carta autoadesiva rimovibile (<strong>PAP22<\/strong>)[\/vc_column_text][\/vc_column][vc_column width=&#8221;1\/3&#8243;][vc_empty_space height=&#8221;85px&#8221;][vc_single_image image=&#8221;36088&#8243; img_size=&#8221;medium&#8221; alignment=&#8221;center&#8221; css=&#8221;.vc_custom_1761304214879{margin-top: -90px !important;margin-bottom: -70px !important;}&#8221;][\/vc_column][\/vc_row][vc_row][vc_column][vc_empty_space height=&#8221;45px&#8221;][\/vc_column][\/vc_row][vc_row][vc_column width=&#8221;2\/3&#8243;][vc_custom_heading text=&#8221;Tanica&#8221; font_container=&#8221;tag:h3|text_align:left&#8221; use_theme_fonts=&#8221;yes&#8221;][vc_column_text]Corpo: polietilene alta densit\u00e0 (<strong>HDPE2<\/strong>)<br \/>\nTappo: polietilene alta densit\u00e0 (<strong>HDPE2<\/strong>)<br \/>\nEtichetta: carta autoadesiva rimovibile (<strong>PAP22<\/strong>)[\/vc_column_text][\/vc_column][vc_column width=&#8221;1\/3&#8243;][vc_empty_space height=&#8221;85px&#8221;][vc_single_image image=&#8221;36114&#8243; img_size=&#8221;large&#8221; alignment=&#8221;center&#8221;][\/vc_column][\/vc_row][vc_row][vc_column][vc_empty_space height=&#8221;45px&#8221;][\/vc_column][\/vc_row][vc_row][vc_column width=&#8221;2\/3&#8243;][vc_custom_heading text=&#8221;Bottiglia&#8221; font_container=&#8221;tag:h3|text_align:left&#8221; use_theme_fonts=&#8221;yes&#8221;][vc_column_text]Corpo: polietilene bassa densit\u00e0 (<strong>HDPE1<\/strong>)<br \/>\nTappo: polietilene bassa densit\u00e0 (<strong>HDPE1<\/strong>)<br \/>\nEtichetta: carta autoadesiva rimovibile (<strong>PAP22<\/strong>)[\/vc_column_text][\/vc_column][vc_column width=&#8221;1\/3&#8243;][vc_empty_space height=&#8221;85px&#8221;][vc_single_image image=&#8221;36111&#8243; img_size=&#8221;large&#8221; alignment=&#8221;center&#8221;][\/vc_column][\/vc_row][vc_row][vc_column width=&#8221;2\/3&#8243;][vc_custom_heading text=&#8221;Fusto&#8221; font_container=&#8221;tag:h3|text_align:left&#8221; use_theme_fonts=&#8221;yes&#8221;][vc_column_text]Corpo: acciaio (<strong>FE40<\/strong>)<br \/>\nCoperchio: acciaio (<strong>FE40<\/strong>)<br \/>\nCravatta: acciaio (<strong>FE40<\/strong>)<br \/>\nTappo: acciaio (<strong>FE40<\/strong>)<br \/>\nEtichetta: carta autoadesiva rimovibile (<strong>PAP22<\/strong>)[\/vc_column_text][\/vc_column][vc_column width=&#8221;1\/3&#8243;][vc_empty_space height=&#8221;85px&#8221;][vc_single_image image=&#8221;36095&#8243; img_size=&#8221;medium&#8221; alignment=&#8221;center&#8221;][\/vc_column][\/vc_row][vc_row][vc_column width=&#8221;2\/3&#8243;][vc_custom_heading text=&#8221;IBC&#8221; font_container=&#8221;tag:h3|text_align:left&#8221; use_theme_fonts=&#8221;yes&#8221;][vc_column_text]Cisterna: polietilene alta densit\u00e0 (<strong>HDPE2<\/strong>)<br \/>\nGabbia: metallo (<strong>FE40<\/strong>)<br \/>\nValvola: polietilene alta densit\u00e0 (<strong>HDPE2<\/strong>)<br \/>\nTappo: polietilene alta densit\u00e0 (<strong>HDPE2<\/strong>)<br \/>\nEtichetta: carta autoadesiva rimovibile (<strong>PAP22<\/strong>)[\/vc_column_text][\/vc_column][vc_column width=&#8221;1\/3&#8243;][vc_empty_space height=&#8221;85px&#8221;][vc_single_image image=&#8221;36099&#8243; img_size=&#8221;medium&#8221; alignment=&#8221;center&#8221;][\/vc_column][\/vc_row][vc_row][vc_column width=&#8221;2\/3&#8243;][vc_custom_heading text=&#8221;Pallet&#8221; font_container=&#8221;tag:h3|text_align:left&#8221; use_theme_fonts=&#8221;yes&#8221;][vc_column_text]Corpo: legno (<strong>FOR50<\/strong>)<br \/>\nVassoio: cartone (<strong>PAP20<\/strong>)<br \/>\nFilm estensibile: polietilene bassa densit\u00e0 (<strong>LDPE04<\/strong>)<br \/>\nEtichetta: carta autoadesiva rimovibile (<strong>PAP22<\/strong>)[\/vc_column_text][\/vc_column][vc_column width=&#8221;1\/3&#8243;][vc_empty_space height=&#8221;85px&#8221;][vc_single_image image=&#8221;36091&#8243; img_size=&#8221;medium&#8221; alignment=&#8221;center&#8221;][\/vc_column][\/vc_row][vc_row][vc_column width=&#8221;2\/3&#8243;][vc_custom_heading text=&#8221;Scatola&#8221; font_container=&#8221;tag:h3|text_align:left&#8221; use_theme_fonts=&#8221;yes&#8221;][vc_column_text]Corpo: cartone ondulato (<strong>PAP20<\/strong>)<br \/>\nEtichetta: carta autoadesiva rimovibile (<strong>PAP22<\/strong>)[\/vc_column_text][\/vc_column][vc_column width=&#8221;1\/3&#8243;][vc_empty_space height=&#8221;85px&#8221;][vc_single_image image=&#8221;36103&#8243; img_size=&#8221;medium&#8221; alignment=&#8221;center&#8221;][\/vc_column][\/vc_row][vc_row][vc_column][vc_row_inner css=&#8221;.vc_custom_1461313035205{margin-top: 39px !important;}&#8221;][vc_column_inner][vc_column_text]<\/p>\n<p class=\"p1\">Le informazioni contenute in questo documento si basano sulle nostre migliori attuali conoscenze. Non devono perci\u00f2 intendersi come garanzia di propriet\u00e0 specifiche o assunzione di responsabilit\u00e0 e non hanno carattere di ufficialit\u00e0. ASTRA VERNICI non si assume alcuna responsabilit\u00e0 nei confronti di terzi per quanto attiene alla completezza del materiale in esso contenuto.<\/p>\n<p>Per qualsiasi domanda legata alle presente normativa contattaci:[\/vc_column_text]<div class=\"gem-button-container gem-button-position-inline\"><a title=\"contatti-astravernici\" class=\"gem-button gem-button-size-small gem-button-style-flat gem-button-text-weight-normal\" style=\"border-radius: 3px;\" onmouseleave=\"\" onmouseenter=\"\" href=\"https:\/\/www.astravernici.it\/it\/contatti-astravernici\/\" target=\"_self\">CONTATTACI<\/a><\/div> [vc_empty_space height=&#8221;85px&#8221;][\/vc_column_inner][\/vc_row_inner][\/vc_column][\/vc_row]<\/p>\n","protected":false},"excerpt":{"rendered":"<p>[vc_row full_width=&#8221;stretch_row_content_no_spaces&#8221; css=&#8221;.vc_custom_1667645085011{padding-top: 60px !important;}&#8221;][vc_column][\/vc_column][\/vc_row][vc_row css=&#8221;.vc_custom_1611242380553{padding-top: 60px !important;}&#8221;][vc_column width=&#8221;1\/2&#8243; css=&#8221;.vc_custom_1611242083099{margin-top: -13px !important;}&#8221; offset=&#8221;vc_col-lg-12 vc_col-md-12&#8243;][vc_row_inner][vc_column_inner width=&#8221;1\/6&#8243; css=&#8221;.vc_custom_1456648042128{padding-right: 0px !important;}&#8221; offset=&#8221;vc_hidden-md vc_hidden-sm&#8230;<\/p>\n","protected":false},"author":4,"featured_media":0,"parent":0,"menu_order":0,"comment_status":"closed","ping_status":"closed","template":"","meta":{"_mi_skip_tracking":false,"_monsterinsights_sitenote_active":false,"_monsterinsights_sitenote_note":"","_monsterinsights_sitenote_category":0},"yoast_head":"<!-- This site is optimized with the Yoast SEO Premium plugin v16.0.3 (Yoast SEO v17.6) - https:\/\/yoast.com\/wordpress\/plugins\/seo\/ -->\n<title>Etichettatura ambientale |Astra Vernici<\/title>\n<meta name=\"description\" content=\"Etichettatura ambientale per una corretta identificazione, classificazione e gestione dei materiali degli imballaggi\" \/>\n<meta name=\"robots\" content=\"index, follow, max-snippet:-1, max-image-preview:large, max-video-preview:-1\" \/>\n<link rel=\"canonical\" href=\"https:\/\/www.astravernici.it\/it\/etichettatura-ambientale\/\" \/>\n<meta property=\"og:locale\" content=\"it_IT\" \/>\n<meta property=\"og:type\" content=\"article\" \/>\n<meta property=\"og:title\" content=\"Etichettatura ambientale |Astra Vernici\" \/>\n<meta property=\"og:description\" content=\"Etichettatura ambientale per una corretta identificazione, classificazione e gestione dei materiali degli imballaggi\" \/>\n<meta property=\"og:url\" content=\"https:\/\/www.astravernici.it\/it\/etichettatura-ambientale\/\" \/>\n<meta property=\"og:site_name\" content=\"Astra Vernici\" \/>\n<meta property=\"article:modified_time\" content=\"2025-11-06T07:42:29+00:00\" \/>\n<meta name=\"twitter:card\" content=\"summary_large_image\" \/>\n<meta name=\"twitter:label1\" content=\"Tempo di lettura stimato\" \/>\n\t<meta name=\"twitter:data1\" content=\"3 minuti\" \/>\n<script type=\"application\/ld+json\" class=\"yoast-schema-graph\">{\"@context\":\"https:\/\/schema.org\",\"@graph\":[{\"@type\":\"Organization\",\"@id\":\"https:\/\/www.astravernici.it\/it\/#organization\",\"name\":\"Astra Vernici\",\"url\":\"https:\/\/www.astravernici.it\/it\/\",\"sameAs\":[],\"logo\":{\"@type\":\"ImageObject\",\"@id\":\"https:\/\/www.astravernici.it\/it\/#logo\",\"inLanguage\":\"it-IT\",\"url\":\"https:\/\/www.astravernici.it\/wp-content\/uploads\/2025\/10\/Logo-_Astra_750x492.svg\",\"contentUrl\":\"https:\/\/www.astravernici.it\/wp-content\/uploads\/2025\/10\/Logo-_Astra_750x492.svg\",\"caption\":\"Astra Vernici\"},\"image\":{\"@id\":\"https:\/\/www.astravernici.it\/it\/#logo\"}},{\"@type\":\"WebSite\",\"@id\":\"https:\/\/www.astravernici.it\/it\/#website\",\"url\":\"https:\/\/www.astravernici.it\/it\/\",\"name\":\"Astra Vernici\",\"description\":\"Your Coating Partner\",\"publisher\":{\"@id\":\"https:\/\/www.astravernici.it\/it\/#organization\"},\"potentialAction\":[{\"@type\":\"SearchAction\",\"target\":{\"@type\":\"EntryPoint\",\"urlTemplate\":\"https:\/\/www.astravernici.it\/it\/?s={search_term_string}\"},\"query-input\":\"required name=search_term_string\"}],\"inLanguage\":\"it-IT\"},{\"@type\":\"WebPage\",\"@id\":\"https:\/\/www.astravernici.it\/it\/etichettatura-ambientale\/#webpage\",\"url\":\"https:\/\/www.astravernici.it\/it\/etichettatura-ambientale\/\",\"name\":\"Etichettatura ambientale |Astra Vernici\",\"isPartOf\":{\"@id\":\"https:\/\/www.astravernici.it\/it\/#website\"},\"datePublished\":\"2025-10-30T15:31:10+00:00\",\"dateModified\":\"2025-11-06T07:42:29+00:00\",\"description\":\"Etichettatura ambientale per una corretta identificazione, classificazione e gestione dei materiali degli imballaggi\",\"breadcrumb\":{\"@id\":\"https:\/\/www.astravernici.it\/it\/etichettatura-ambientale\/#breadcrumb\"},\"inLanguage\":\"it-IT\",\"potentialAction\":[{\"@type\":\"ReadAction\",\"target\":[\"https:\/\/www.astravernici.it\/it\/etichettatura-ambientale\/\"]}]},{\"@type\":\"BreadcrumbList\",\"@id\":\"https:\/\/www.astravernici.it\/it\/etichettatura-ambientale\/#breadcrumb\",\"itemListElement\":[{\"@type\":\"ListItem\",\"position\":1,\"name\":\"Home\",\"item\":\"https:\/\/www.astravernici.it\/it\/\"},{\"@type\":\"ListItem\",\"position\":2,\"name\":\"Etichettatura ambientale\"}]}]}<\/script>\n<!-- \/ Yoast SEO Premium plugin. -->","yoast_head_json":{"title":"Etichettatura ambientale |Astra Vernici","description":"Etichettatura ambientale per una corretta identificazione, classificazione e gestione dei materiali degli imballaggi","robots":{"index":"index","follow":"follow","max-snippet":"max-snippet:-1","max-image-preview":"max-image-preview:large","max-video-preview":"max-video-preview:-1"},"canonical":"https:\/\/www.astravernici.it\/it\/etichettatura-ambientale\/","og_locale":"it_IT","og_type":"article","og_title":"Etichettatura ambientale |Astra Vernici","og_description":"Etichettatura ambientale per una corretta identificazione, classificazione e gestione dei materiali degli imballaggi","og_url":"https:\/\/www.astravernici.it\/it\/etichettatura-ambientale\/","og_site_name":"Astra Vernici","article_modified_time":"2025-11-06T07:42:29+00:00","twitter_card":"summary_large_image","twitter_misc":{"Tempo di lettura stimato":"3 minuti"},"schema":{"@context":"https:\/\/schema.org","@graph":[{"@type":"Organization","@id":"https:\/\/www.astravernici.it\/it\/#organization","name":"Astra Vernici","url":"https:\/\/www.astravernici.it\/it\/","sameAs":[],"logo":{"@type":"ImageObject","@id":"https:\/\/www.astravernici.it\/it\/#logo","inLanguage":"it-IT","url":"https:\/\/www.astravernici.it\/wp-content\/uploads\/2025\/10\/Logo-_Astra_750x492.svg","contentUrl":"https:\/\/www.astravernici.it\/wp-content\/uploads\/2025\/10\/Logo-_Astra_750x492.svg","caption":"Astra Vernici"},"image":{"@id":"https:\/\/www.astravernici.it\/it\/#logo"}},{"@type":"WebSite","@id":"https:\/\/www.astravernici.it\/it\/#website","url":"https:\/\/www.astravernici.it\/it\/","name":"Astra Vernici","description":"Your Coating Partner","publisher":{"@id":"https:\/\/www.astravernici.it\/it\/#organization"},"potentialAction":[{"@type":"SearchAction","target":{"@type":"EntryPoint","urlTemplate":"https:\/\/www.astravernici.it\/it\/?s={search_term_string}"},"query-input":"required name=search_term_string"}],"inLanguage":"it-IT"},{"@type":"WebPage","@id":"https:\/\/www.astravernici.it\/it\/etichettatura-ambientale\/#webpage","url":"https:\/\/www.astravernici.it\/it\/etichettatura-ambientale\/","name":"Etichettatura ambientale |Astra Vernici","isPartOf":{"@id":"https:\/\/www.astravernici.it\/it\/#website"},"datePublished":"2025-10-30T15:31:10+00:00","dateModified":"2025-11-06T07:42:29+00:00","description":"Etichettatura ambientale per una corretta identificazione, classificazione e gestione dei materiali degli imballaggi","breadcrumb":{"@id":"https:\/\/www.astravernici.it\/it\/etichettatura-ambientale\/#breadcrumb"},"inLanguage":"it-IT","potentialAction":[{"@type":"ReadAction","target":["https:\/\/www.astravernici.it\/it\/etichettatura-ambientale\/"]}]},{"@type":"BreadcrumbList","@id":"https:\/\/www.astravernici.it\/it\/etichettatura-ambientale\/#breadcrumb","itemListElement":[{"@type":"ListItem","position":1,"name":"Home","item":"https:\/\/www.astravernici.it\/it\/"},{"@type":"ListItem","position":2,"name":"Etichettatura ambientale"}]}]}},"_links":{"self":[{"href":"https:\/\/www.astravernici.it\/it\/wp-json\/wp\/v2\/pages\/36245"}],"collection":[{"href":"https:\/\/www.astravernici.it\/it\/wp-json\/wp\/v2\/pages"}],"about":[{"href":"https:\/\/www.astravernici.it\/it\/wp-json\/wp\/v2\/types\/page"}],"author":[{"embeddable":true,"href":"https:\/\/www.astravernici.it\/it\/wp-json\/wp\/v2\/users\/4"}],"replies":[{"embeddable":true,"href":"https:\/\/www.astravernici.it\/it\/wp-json\/wp\/v2\/comments?post=36245"}],"version-history":[{"count":10,"href":"https:\/\/www.astravernici.it\/it\/wp-json\/wp\/v2\/pages\/36245\/revisions"}],"predecessor-version":[{"id":36359,"href":"https:\/\/www.astravernici.it\/it\/wp-json\/wp\/v2\/pages\/36245\/revisions\/36359"}],"wp:attachment":[{"href":"https:\/\/www.astravernici.it\/it\/wp-json\/wp\/v2\/media?parent=36245"}],"curies":[{"name":"wp","href":"https:\/\/api.w.org\/{rel}","templated":true}]}}