{"id":36046,"date":"2025-10-22T09:20:26","date_gmt":"2025-10-22T07:20:26","guid":{"rendered":"https:\/\/www.astravernici.it\/?page_id=36046"},"modified":"2025-12-10T10:05:02","modified_gmt":"2025-12-10T09:05:02","slug":"sostenibilita","status":"publish","type":"page","link":"https:\/\/www.astravernici.it\/it\/sostenibilita\/","title":{"rendered":"Sostenibilit\u00e0"},"content":{"rendered":"<p>[vc_row css=&#8221;.vc_custom_1611242380553{padding-top: 60px !important;}&#8221;][vc_column css=&#8221;.vc_custom_1611242083099{margin-top: -13px !important;}&#8221; offset=&#8221;vc_col-lg-12 vc_col-md-12&#8243;][vc_row_inner][vc_column_inner width=&#8221;1\/6&#8243; css=&#8221;.vc_custom_1456648042128{padding-right: 0px !important;}&#8221; offset=&#8221;vc_hidden-md vc_hidden-sm vc_hidden-xs&#8221;]<div class=\"clearboth\"><\/div><div class=\"gem-divider \" style=\"margin-top: 23px;\"><\/div>[vc_separator color=&#8221;custom&#8221; style=&#8221;double&#8221; border_width=&#8221;2&#8243; accent_color=&#8221;#dfe5e8&#8243;][\/vc_column_inner][vc_column_inner width=&#8221;2\/3&#8243;][vc_column_text]<\/p>\n<h2 style=\"text-align: center;\">Coloriamo il futuro con responsabilit\u00e0<\/h2>\n<p>[\/vc_column_text][vc_column_text][\/vc_column_text][\/vc_column_inner][vc_column_inner width=&#8221;1\/6&#8243; css=&#8221;.vc_custom_1456648092629{padding-left: 0px !important;}&#8221; offset=&#8221;vc_hidden-md vc_hidden-sm vc_hidden-xs&#8221;]<div class=\"clearboth\"><\/div><div class=\"gem-divider \" style=\"margin-top: 23px;\"><\/div>[vc_separator color=&#8221;custom&#8221; style=&#8221;double&#8221; border_width=&#8221;2&#8243; accent_color=&#8221;#dfe5e8&#8243;][\/vc_column_inner][\/vc_row_inner][vc_row_inner css=&#8221;.vc_custom_1461313035205{margin-top: 39px !important;}&#8221;][vc_column_inner][vc_column_text]Crediamo che il futuro del pianeta dipenda dalle scelte di oggi.<br \/>\nLe nostre vernici per legno sono principalmente a base solvente, ma lavoriamo costantemente per ridurne l\u2019<strong>impatto ambientale<\/strong>.<br \/>\nInvestiamo nella selezione di <strong>materie prime meno pericolose<\/strong>, nella riduzione delle emissioni di VOC e nello sviluppo di soluzioni con un profilo di sicurezza sempre pi\u00f9 elevato, senza comprometterne la qualit\u00e0 e le prestazioni.[\/vc_column_text][\/vc_column_inner][\/vc_row_inner][\/vc_column][\/vc_row][vc_row full_width=&#8221;stretch_row_content_no_spaces&#8221; css=&#8221;.vc_custom_1667645085011{padding-top: 60px !important;}&#8221;][vc_column]<div id=\"fullwidth-block-6a06df9de6c8e\" class=\"fullwidth-block fullwidth-block-parallax-vertical clearfix\" data-mobile-parallax-enable=\"0\" style=\"color: #ffffff;padding-top: 200px;padding-bottom: 200px;padding-left: 200px;padding-right: 200px;\"><script type=\"text\/javascript\">if (typeof(gem_fix_fullwidth_position) == \"function\") { gem_fix_fullwidth_position(document.getElementById(\"fullwidth-block-6a06df9de6c8e\")); }<\/script><div class=\"fullwidth-block-background\" style=\"background-image: url(https:\/\/www.astravernici.it\/wp-content\/uploads\/2025\/11\/ripresa-aerea-aerea-di-una-fitta-foresta-con-bellissimi-alberi-e-vegetazione-scaled.jpg);background-repeat: no-repeat; background-size: cover;background-position: center center;\"><\/div><div class=\"fullwidth-block-inner\">[vc_custom_heading text=&#8221;Un percorso concreto verso una produzione pi\u00f9 sostenibile&#8221; font_container=&#8221;tag:h3|text_align:center|color:%23ffffff&#8221; use_theme_fonts=&#8221;yes&#8221;][vc_column_text]<\/p>\n<p style=\"text-align: center;\">Ogni fase produttiva \u00e8 ottimizzata per contenere consumi ed emissioni.<br \/>\nI nostri impianti sono dotati di <strong data-start=\"792\" data-end=\"819\">serbatoi a ciclo chiuso<\/strong>, che evitano dispersioni e limitano le emissioni in atmosfera.<br \/>\nMonitoriamo costantemente i vettori energetici per migliorare l\u2019efficienza e <strong>ridurre la CO\u2082<\/strong>.<br \/>\nAnche la gestione dei <strong>rifiuti<\/strong> segue criteri rigorosi: recupero dei materiali, raccolta differenziata e smaltimento controllato.[\/vc_column_text]<\/div><\/div>[\/vc_column][\/vc_row][vc_row equal_height=&#8221;yes&#8221; content_placement=&#8221;middle&#8221; css=&#8221;.vc_custom_1611242842655{padding-top: 60px !important;padding-bottom: 60px !important;}&#8221;][vc_column width=&#8221;2\/3&#8243;][vc_column_text][\/vc_column_text][vc_custom_heading text=&#8221;Persone, etica e trasparenza&#8221; font_container=&#8221;tag:h3|text_align:left&#8221; use_theme_fonts=&#8221;yes&#8221;][vc_column_text]La sostenibilit\u00e0 per noi \u00e8 anche <strong>responsabilit\u00e0 verso le persone<\/strong>. Garantiamo un ambiente di lavoro sicuro, inclusivo e orientato al benessere.<br \/>\nOperiamo con etica e trasparenza, come attestano il <strong data-start=\"1462\" data-end=\"1476\">rating ESG<\/strong> e il <strong data-start=\"1482\" data-end=\"1504\">rating di legalit\u00e0<\/strong>, che confermano il nostro impegno verso una gestione aziendale responsabile e consapevole.<\/p>\n<p>Coloriamo il futuro con responsabilit\u00e0. Processi evoluti, risultati misurabili e sostenibilit\u00e0 come leva di miglioramento continuo.[\/vc_column_text][\/vc_column][vc_column width=&#8221;1\/3&#8243;][vc_empty_space height=&#8221;85px&#8221;][vc_separator][vc_single_image image=&#8221;31977&#8243; img_size=&#8221;full&#8221; alignment=&#8221;center&#8221;][vc_separator][\/vc_column][\/vc_row][vc_row equal_height=&#8221;yes&#8221; content_placement=&#8221;middle&#8221; css=&#8221;.vc_custom_1611242842655{padding-top: 60px !important;padding-bottom: 60px !important;}&#8221;][vc_column width=&#8221;1\/3&#8243;][vc_custom_heading text=&#8221;Rating ESG&#8221; font_container=&#8221;tag:h3|font_size:28px|text_align:center&#8221; use_theme_fonts=&#8221;yes&#8221;][vc_separator][vc_single_image image=&#8221;36069&#8243; img_size=&#8221;full&#8221; alignment=&#8221;center&#8221;][vc_separator]<div class=\"gem-button-container gem-button-position-center\"><a title=\"rating-esg\" class=\"gem-button gem-button-size-small gem-button-style-flat gem-button-text-weight-normal\" style=\"border-radius: 3px;\" onmouseleave=\"\" onmouseenter=\"\" href=\"https:\/\/www.astravernici.it\/wp-content\/uploads\/2024\/09\/rating-esg.jpg\" target=\"_self\">VAI ALLA PAGINA<\/a><\/div> [\/vc_column][vc_column width=&#8221;1\/3&#8243;][vc_custom_heading text=&#8221;Rating di legalit\u00e0&#8221; font_container=&#8221;tag:h3|font_size:28|text_align:center&#8221; use_theme_fonts=&#8221;yes&#8221;][vc_separator][vc_single_image image=&#8221;36071&#8243; img_size=&#8221;full&#8221; alignment=&#8221;center&#8221;][vc_separator]<div class=\"gem-button-container gem-button-position-center\"><a title=\"rating-legalit\u00e0\" class=\"gem-button gem-button-size-small gem-button-style-flat gem-button-text-weight-normal\" style=\"border-radius: 3px;\" onmouseleave=\"\" onmouseenter=\"\" href=\"https:\/\/www.astravernici.it\/wp-content\/uploads\/2024\/09\/rating-legalita.jpg\" target=\"_self\">VAI ALLA PAGINA<\/a><\/div> [\/vc_column][vc_column width=&#8221;1\/3&#8243;][vc_custom_heading text=&#8221;Etichettatura&#8221; font_container=&#8221;tag:h3|font_size:28|text_align:center&#8221; use_theme_fonts=&#8221;yes&#8221;][vc_separator][vc_single_image image=&#8221;36073&#8243; img_size=&#8221;full&#8221; alignment=&#8221;center&#8221;][vc_separator]<div class=\"gem-button-container gem-button-position-center\"><a title=\"etichettatura-ambientale\" class=\"gem-button gem-button-size-small gem-button-style-flat gem-button-text-weight-normal\" style=\"border-radius: 3px;\" onmouseleave=\"\" onmouseenter=\"\" href=\"https:\/\/www.astravernici.it\/it\/etichettatura-ambientale\/\" target=\"_self\">VAI ALLA PAGINA<\/a><\/div> [\/vc_column][\/vc_row]<\/p>\n","protected":false},"excerpt":{"rendered":"<p>[vc_row css=&#8221;.vc_custom_1611242380553{padding-top: 60px !important;}&#8221;][vc_column css=&#8221;.vc_custom_1611242083099{margin-top: -13px !important;}&#8221; offset=&#8221;vc_col-lg-12 vc_col-md-12&#8243;][vc_row_inner][vc_column_inner width=&#8221;1\/6&#8243; css=&#8221;.vc_custom_1456648042128{padding-right: 0px !important;}&#8221; offset=&#8221;vc_hidden-md vc_hidden-sm vc_hidden-xs&#8221;][vc_separator color=&#8221;custom&#8221; style=&#8221;double&#8221; border_width=&#8221;2&#8243; accent_color=&#8221;#dfe5e8&#8243;][\/vc_column_inner][vc_column_inner&#8230;<\/p>\n","protected":false},"author":6,"featured_media":0,"parent":0,"menu_order":0,"comment_status":"closed","ping_status":"closed","template":"","meta":{"_mi_skip_tracking":false,"_monsterinsights_sitenote_active":false,"_monsterinsights_sitenote_note":"","_monsterinsights_sitenote_category":0},"yoast_head":"<!-- This site is optimized with the Yoast SEO Premium plugin v16.0.3 (Yoast SEO v17.6) - https:\/\/yoast.com\/wordpress\/plugins\/seo\/ -->\n<title>Sostenibilit\u00e0 | Astra Vernici<\/title>\n<meta name=\"description\" content=\"Ridurre le emissioni, migliorare i processi, proteggere l\u2019ambiente: la sostenibilit\u00e0 per Astra Vernici \u00e8 un impegno concreto ogni giorno.\" \/>\n<meta name=\"robots\" content=\"index, follow, max-snippet:-1, max-image-preview:large, max-video-preview:-1\" \/>\n<link rel=\"canonical\" href=\"https:\/\/www.astravernici.it\/it\/sostenibilita\/\" \/>\n<meta property=\"og:locale\" content=\"it_IT\" \/>\n<meta property=\"og:type\" content=\"article\" \/>\n<meta property=\"og:title\" content=\"Sostenibilit\u00e0 | Astra Vernici\" \/>\n<meta property=\"og:description\" content=\"Ridurre le emissioni, migliorare i processi, proteggere l\u2019ambiente: la sostenibilit\u00e0 per Astra Vernici \u00e8 un impegno concreto ogni giorno.\" \/>\n<meta property=\"og:url\" content=\"https:\/\/www.astravernici.it\/it\/sostenibilita\/\" \/>\n<meta property=\"og:site_name\" content=\"Astra Vernici\" \/>\n<meta property=\"article:modified_time\" content=\"2025-12-10T09:05:02+00:00\" \/>\n<meta name=\"twitter:card\" content=\"summary_large_image\" \/>\n<meta name=\"twitter:label1\" content=\"Tempo di lettura stimato\" \/>\n\t<meta name=\"twitter:data1\" content=\"2 minuti\" \/>\n<script type=\"application\/ld+json\" class=\"yoast-schema-graph\">{\"@context\":\"https:\/\/schema.org\",\"@graph\":[{\"@type\":\"Organization\",\"@id\":\"https:\/\/www.astravernici.it\/it\/#organization\",\"name\":\"Astra Vernici\",\"url\":\"https:\/\/www.astravernici.it\/it\/\",\"sameAs\":[],\"logo\":{\"@type\":\"ImageObject\",\"@id\":\"https:\/\/www.astravernici.it\/it\/#logo\",\"inLanguage\":\"it-IT\",\"url\":\"https:\/\/www.astravernici.it\/wp-content\/uploads\/2025\/10\/Logo-_Astra_750x492.svg\",\"contentUrl\":\"https:\/\/www.astravernici.it\/wp-content\/uploads\/2025\/10\/Logo-_Astra_750x492.svg\",\"caption\":\"Astra Vernici\"},\"image\":{\"@id\":\"https:\/\/www.astravernici.it\/it\/#logo\"}},{\"@type\":\"WebSite\",\"@id\":\"https:\/\/www.astravernici.it\/it\/#website\",\"url\":\"https:\/\/www.astravernici.it\/it\/\",\"name\":\"Astra Vernici\",\"description\":\"Your Coating Partner\",\"publisher\":{\"@id\":\"https:\/\/www.astravernici.it\/it\/#organization\"},\"potentialAction\":[{\"@type\":\"SearchAction\",\"target\":{\"@type\":\"EntryPoint\",\"urlTemplate\":\"https:\/\/www.astravernici.it\/it\/?s={search_term_string}\"},\"query-input\":\"required name=search_term_string\"}],\"inLanguage\":\"it-IT\"},{\"@type\":\"WebPage\",\"@id\":\"https:\/\/www.astravernici.it\/it\/sostenibilita\/#webpage\",\"url\":\"https:\/\/www.astravernici.it\/it\/sostenibilita\/\",\"name\":\"Sostenibilit\\u00e0 | Astra Vernici\",\"isPartOf\":{\"@id\":\"https:\/\/www.astravernici.it\/it\/#website\"},\"datePublished\":\"2025-10-22T07:20:26+00:00\",\"dateModified\":\"2025-12-10T09:05:02+00:00\",\"description\":\"Ridurre le emissioni, migliorare i processi, proteggere l\\u2019ambiente: la sostenibilit\\u00e0 per Astra Vernici \\u00e8 un impegno concreto ogni giorno.\",\"breadcrumb\":{\"@id\":\"https:\/\/www.astravernici.it\/it\/sostenibilita\/#breadcrumb\"},\"inLanguage\":\"it-IT\",\"potentialAction\":[{\"@type\":\"ReadAction\",\"target\":[\"https:\/\/www.astravernici.it\/it\/sostenibilita\/\"]}]},{\"@type\":\"BreadcrumbList\",\"@id\":\"https:\/\/www.astravernici.it\/it\/sostenibilita\/#breadcrumb\",\"itemListElement\":[{\"@type\":\"ListItem\",\"position\":1,\"name\":\"Home\",\"item\":\"https:\/\/www.astravernici.it\/it\/\"},{\"@type\":\"ListItem\",\"position\":2,\"name\":\"Sostenibilit\\u00e0\"}]}]}<\/script>\n<!-- \/ Yoast SEO Premium plugin. -->","yoast_head_json":{"title":"Sostenibilit\u00e0 | Astra Vernici","description":"Ridurre le emissioni, migliorare i processi, proteggere l\u2019ambiente: la sostenibilit\u00e0 per Astra Vernici \u00e8 un impegno concreto ogni giorno.","robots":{"index":"index","follow":"follow","max-snippet":"max-snippet:-1","max-image-preview":"max-image-preview:large","max-video-preview":"max-video-preview:-1"},"canonical":"https:\/\/www.astravernici.it\/it\/sostenibilita\/","og_locale":"it_IT","og_type":"article","og_title":"Sostenibilit\u00e0 | Astra Vernici","og_description":"Ridurre le emissioni, migliorare i processi, proteggere l\u2019ambiente: la sostenibilit\u00e0 per Astra Vernici \u00e8 un impegno concreto ogni giorno.","og_url":"https:\/\/www.astravernici.it\/it\/sostenibilita\/","og_site_name":"Astra Vernici","article_modified_time":"2025-12-10T09:05:02+00:00","twitter_card":"summary_large_image","twitter_misc":{"Tempo di lettura stimato":"2 minuti"},"schema":{"@context":"https:\/\/schema.org","@graph":[{"@type":"Organization","@id":"https:\/\/www.astravernici.it\/it\/#organization","name":"Astra Vernici","url":"https:\/\/www.astravernici.it\/it\/","sameAs":[],"logo":{"@type":"ImageObject","@id":"https:\/\/www.astravernici.it\/it\/#logo","inLanguage":"it-IT","url":"https:\/\/www.astravernici.it\/wp-content\/uploads\/2025\/10\/Logo-_Astra_750x492.svg","contentUrl":"https:\/\/www.astravernici.it\/wp-content\/uploads\/2025\/10\/Logo-_Astra_750x492.svg","caption":"Astra Vernici"},"image":{"@id":"https:\/\/www.astravernici.it\/it\/#logo"}},{"@type":"WebSite","@id":"https:\/\/www.astravernici.it\/it\/#website","url":"https:\/\/www.astravernici.it\/it\/","name":"Astra Vernici","description":"Your Coating Partner","publisher":{"@id":"https:\/\/www.astravernici.it\/it\/#organization"},"potentialAction":[{"@type":"SearchAction","target":{"@type":"EntryPoint","urlTemplate":"https:\/\/www.astravernici.it\/it\/?s={search_term_string}"},"query-input":"required name=search_term_string"}],"inLanguage":"it-IT"},{"@type":"WebPage","@id":"https:\/\/www.astravernici.it\/it\/sostenibilita\/#webpage","url":"https:\/\/www.astravernici.it\/it\/sostenibilita\/","name":"Sostenibilit\u00e0 | Astra Vernici","isPartOf":{"@id":"https:\/\/www.astravernici.it\/it\/#website"},"datePublished":"2025-10-22T07:20:26+00:00","dateModified":"2025-12-10T09:05:02+00:00","description":"Ridurre le emissioni, migliorare i processi, proteggere l\u2019ambiente: la sostenibilit\u00e0 per Astra Vernici \u00e8 un impegno concreto ogni giorno.","breadcrumb":{"@id":"https:\/\/www.astravernici.it\/it\/sostenibilita\/#breadcrumb"},"inLanguage":"it-IT","potentialAction":[{"@type":"ReadAction","target":["https:\/\/www.astravernici.it\/it\/sostenibilita\/"]}]},{"@type":"BreadcrumbList","@id":"https:\/\/www.astravernici.it\/it\/sostenibilita\/#breadcrumb","itemListElement":[{"@type":"ListItem","position":1,"name":"Home","item":"https:\/\/www.astravernici.it\/it\/"},{"@type":"ListItem","position":2,"name":"Sostenibilit\u00e0"}]}]}},"_links":{"self":[{"href":"https:\/\/www.astravernici.it\/it\/wp-json\/wp\/v2\/pages\/36046"}],"collection":[{"href":"https:\/\/www.astravernici.it\/it\/wp-json\/wp\/v2\/pages"}],"about":[{"href":"https:\/\/www.astravernici.it\/it\/wp-json\/wp\/v2\/types\/page"}],"author":[{"embeddable":true,"href":"https:\/\/www.astravernici.it\/it\/wp-json\/wp\/v2\/users\/6"}],"replies":[{"embeddable":true,"href":"https:\/\/www.astravernici.it\/it\/wp-json\/wp\/v2\/comments?post=36046"}],"version-history":[{"count":24,"href":"https:\/\/www.astravernici.it\/it\/wp-json\/wp\/v2\/pages\/36046\/revisions"}],"predecessor-version":[{"id":36403,"href":"https:\/\/www.astravernici.it\/it\/wp-json\/wp\/v2\/pages\/36046\/revisions\/36403"}],"wp:attachment":[{"href":"https:\/\/www.astravernici.it\/it\/wp-json\/wp\/v2\/media?parent=36046"}],"curies":[{"name":"wp","href":"https:\/\/api.w.org\/{rel}","templated":true}]}}