{"id":32014,"date":"2021-01-22T13:20:42","date_gmt":"2021-01-22T12:20:42","guid":{"rendered":"https:\/\/www.astravernici.it\/?page_id=32014"},"modified":"2025-12-17T14:34:11","modified_gmt":"2025-12-17T13:34:11","slug":"vernici-al-solvente","status":"publish","type":"page","link":"https:\/\/www.astravernici.it\/it\/vernici-al-solvente\/","title":{"rendered":"Vernici al solvente"},"content":{"rendered":"<p>[vc_row css=&#8221;.vc_custom_1611242380553{padding-top: 60px !important;}&#8221;][vc_column css=&#8221;.vc_custom_1611242083099{margin-top: -13px !important;}&#8221; offset=&#8221;vc_col-lg-12 vc_col-md-12&#8243;][vc_row_inner][vc_column_inner width=&#8221;1\/6&#8243; css=&#8221;.vc_custom_1456648042128{padding-right: 0px !important;}&#8221; offset=&#8221;vc_hidden-md vc_hidden-sm vc_hidden-xs&#8221;]<div class=\"clearboth\"><\/div><div class=\"gem-divider \" style=\"margin-top: 23px;\"><\/div>[vc_separator color=&#8221;custom&#8221; style=&#8221;double&#8221; border_width=&#8221;2&#8243; accent_color=&#8221;#dfe5e8&#8243;][\/vc_column_inner][vc_column_inner width=&#8221;2\/3&#8243;][vc_column_text]<\/p>\n<h2 style=\"text-align: center;\">La soluzione ideale per massima resa<br \/>\ne prestazioni senza compromessi<\/h2>\n<p>[\/vc_column_text][vc_column_text][\/vc_column_text][\/vc_column_inner][vc_column_inner width=&#8221;1\/6&#8243; css=&#8221;.vc_custom_1456648092629{padding-left: 0px !important;}&#8221; offset=&#8221;vc_hidden-md vc_hidden-sm vc_hidden-xs&#8221;]<div class=\"clearboth\"><\/div><div class=\"gem-divider \" style=\"margin-top: 23px;\"><\/div>[vc_separator color=&#8221;custom&#8221; style=&#8221;double&#8221; border_width=&#8221;2&#8243; accent_color=&#8221;#dfe5e8&#8243;][\/vc_column_inner][\/vc_row_inner][vc_row_inner css=&#8221;.vc_custom_1461313035205{margin-top: 39px !important;}&#8221;][vc_column_inner][vc_column_text]Le <strong>vernici al solvente<\/strong> sono la soluzione ideale per valorizzare la resistenza del <strong>legno <\/strong>e garantire massime prestazioni nel tempo.<\/p>\n<p>La nostra ampia gamma di prodotti al solvente comprende <strong>vernici poliuretaniche<\/strong>, <strong>vernici<\/strong> <strong>poliesteri<\/strong>, <strong>vernici<\/strong> <strong>acriliche<\/strong>, <strong>vernici<\/strong> <strong>UV<\/strong>, <strong>vernici<\/strong> <strong>ignifughe <\/strong>e<strong> diluenti<\/strong>.[\/vc_column_text][\/vc_column_inner][\/vc_row_inner][\/vc_column][\/vc_row][vc_row][vc_column]<div class=\"clearboth\"><\/div><div class=\"gem-divider \" style=\"margin-top: 25px;\"><\/div>[\/vc_column][\/vc_row][vc_row][vc_column width=&#8221;1\/2&#8243;]<a\n  href=\"\"\n  class=\"marvelous-link noHover\"\n  >\n  <figure class=\"marvelous-hover effect-hover effect-lily ratio169 effect-fonts  marvelous_custom_class_106941374a1b260  \">\n        <img src=\"https:\/\/www.astravernici.it\/wp-content\/uploads\/2023\/05\/acqua-interni.jpg\" alt=\"\"\/>\n    \n    <figcaption>\n      <div class=\"effect-caption astra\">\n        <div class=\"effect-heading\">\n          <div class=\"title-h2\">Vernici <span>Per Interni<\/span><\/div>\n        <\/div>\n\n        <div class=\"effect-description\">\n                    <p class=\"description\">&nbsp;<\/p>\n                  <\/div>\n\n      <\/div>\n    <\/figcaption>\n  <\/figure>\n<\/a>\n[\/vc_column][vc_column width=&#8221;1\/2&#8243;]<a\n  href=\"\"\n  class=\"marvelous-link noHover\"\n  >\n  <figure class=\"marvelous-hover effect-hover effect-lily ratio169 effect-fonts  marvelous_custom_class_1069413775168a6  \">\n        <img src=\"https:\/\/www.astravernici.it\/wp-content\/uploads\/2025\/12\/3d-rendering-wooden-house-2-scaled.jpg\" alt=\"\"\/>\n    \n    <figcaption>\n      <div class=\"effect-caption astra\">\n        <div class=\"effect-heading\">\n          <div class=\"title-h2\">Vernici <span>Per Esterni<\/span><\/div>\n        <\/div>\n\n        <div class=\"effect-description\">\n                    <p class=\"description\">&nbsp;<\/p>\n                  <\/div>\n\n      <\/div>\n    <\/figcaption>\n  <\/figure>\n<\/a>\n[\/vc_column][\/vc_row][vc_row][vc_column]<div class=\"clearboth\"><\/div><div class=\"gem-divider \" style=\"margin-top: 25px;\"><\/div>[\/vc_column][\/vc_row][vc_row full_width=&#8221;stretch_row_content&#8221; css=&#8221;.vc_custom_1760619588763{background-color: #005b97 !important;}&#8221;][vc_column]<div class=\"clearboth\"><\/div><div class=\"gem-divider \" style=\"margin-top: 130px;\"><\/div>[vc_column_text]<\/p>\n<h3 style=\"text-align: center;\"><span style=\"color: #ffffff;\"><strong>Resa impeccabile<\/strong><\/span><\/h3>\n<p style=\"text-align: center;\"><span style=\"color: #ffffff;\">Grazie alla loro formulazione, le nostre vernici \u00a0per professionisti assicurano <strong>tempi di essiccazione rapidi<\/strong><\/span><br \/>\n<span style=\"color: #ffffff;\">e rese uniformi anche per i cicli di verniciatura pi\u00f9 complessi, garantendo superfici perfettamente lisce, uniformi e durevoli.<\/span><\/p>\n<p>[\/vc_column_text]<div class=\"clearboth\"><\/div><div class=\"gem-divider \" style=\"margin-top: 150px;\"><\/div>[\/vc_column][\/vc_row][vc_row equal_height=&#8221;yes&#8221; content_placement=&#8221;middle&#8221; css=&#8221;.vc_custom_1611242842655{padding-top: 60px !important;padding-bottom: 60px !important;}&#8221;][vc_column width=&#8221;1\/2&#8243;][vc_column_text]<\/p>\n<h2>CATALOGO AL SOLVENTE<\/h2>\n<p>Chimica del successo: ll debutto del nostro catalogo di vernici al solvente segna un progresso verso prodotti all&#8217;avanguardia e soluzioni ad alte prestazioni nel mondo del legno. \u00c8 una guida dinamica che illustra personalizzazione e flessibilit\u00e0 delle nostre formulazioni. Con un&#8217;attenzione particolare all&#8217;innovazione e all&#8217;eccellenza, la nostra brochure testimonia la nostra dedizione a soddisfare le esigenze in continua evoluzione dei nostri clienti, mantenendo i pi\u00f9 alti standard di qualit\u00e0. Esplorate le possibilit\u00e0 e migliorate i vostri progetti con le nostre ultime proposte![\/vc_column_text]<div class=\"gem-button-container gem-button-position-inline\"><a class=\"gem-button gem-button-size-small gem-button-style-flat gem-button-text-weight-normal\" style=\"border-radius: 3px;\" onmouseleave=\"\" onmouseenter=\"\" href=\"https:\/\/www.astravernici.it\/wp-content\/uploads\/2024\/06\/SOLVENT-BASED-CATALOGUE-ed.-06.2024_compressed.pdf\" target=\"_blank\">Download Catalogue PDF<\/a><\/div> [\/vc_column][vc_column width=&#8221;1\/2&#8243;][vc_single_image image=&#8221;36629&#8243; img_size=&#8221;full&#8221; alignment=&#8221;center&#8221; css=&#8221;.vc_custom_1765557285120{padding-top: 20px !important;}&#8221;][\/vc_column][\/vc_row][vc_row][vc_column][vc_empty_space][\/vc_column][\/vc_row]<\/p>\n","protected":false},"excerpt":{"rendered":"<p>[vc_row css=&#8221;.vc_custom_1611242380553{padding-top: 60px !important;}&#8221;][vc_column css=&#8221;.vc_custom_1611242083099{margin-top: -13px !important;}&#8221; offset=&#8221;vc_col-lg-12 vc_col-md-12&#8243;][vc_row_inner][vc_column_inner width=&#8221;1\/6&#8243; css=&#8221;.vc_custom_1456648042128{padding-right: 0px !important;}&#8221; offset=&#8221;vc_hidden-md vc_hidden-sm vc_hidden-xs&#8221;][vc_separator color=&#8221;custom&#8221; style=&#8221;double&#8221; border_width=&#8221;2&#8243; accent_color=&#8221;#dfe5e8&#8243;][\/vc_column_inner][vc_column_inner&#8230;<\/p>\n","protected":false},"author":1,"featured_media":34410,"parent":0,"menu_order":0,"comment_status":"closed","ping_status":"closed","template":"","meta":{"_mi_skip_tracking":false,"_monsterinsights_sitenote_active":false,"_monsterinsights_sitenote_note":"","_monsterinsights_sitenote_category":0},"yoast_head":"<!-- This site is optimized with the Yoast SEO Premium plugin v16.0.3 (Yoast SEO v17.6) - https:\/\/yoast.com\/wordpress\/plugins\/seo\/ -->\n<title>Vernici al solvente | Astra Vernici<\/title>\n<meta name=\"description\" content=\"Scopri la nostra gamma di vernici al solvente per legno: poliuretanici, poliesteri, vernici acrilici, UV e ignifughi.\" \/>\n<meta name=\"robots\" content=\"index, follow, max-snippet:-1, max-image-preview:large, max-video-preview:-1\" \/>\n<link rel=\"canonical\" href=\"https:\/\/www.astravernici.it\/it\/vernici-al-solvente\/\" \/>\n<meta property=\"og:locale\" content=\"it_IT\" \/>\n<meta property=\"og:type\" content=\"article\" \/>\n<meta property=\"og:title\" content=\"Vernici al solvente | Astra Vernici\" \/>\n<meta property=\"og:description\" content=\"Scopri la nostra gamma di vernici al solvente per legno: poliuretanici, poliesteri, vernici acrilici, UV e ignifughi.\" \/>\n<meta property=\"og:url\" content=\"https:\/\/www.astravernici.it\/it\/vernici-al-solvente\/\" \/>\n<meta property=\"og:site_name\" content=\"Astra Vernici\" \/>\n<meta property=\"article:modified_time\" content=\"2025-12-17T13:34:11+00:00\" \/>\n<meta property=\"og:image\" content=\"https:\/\/www.astravernici.it\/wp-content\/uploads\/2021\/11\/60-30-10_banner.jpg\" \/>\n\t<meta property=\"og:image:width\" content=\"1900\" \/>\n\t<meta property=\"og:image:height\" content=\"600\" \/>\n<meta name=\"twitter:card\" content=\"summary_large_image\" \/>\n<meta name=\"twitter:label1\" content=\"Tempo di lettura stimato\" \/>\n\t<meta name=\"twitter:data1\" content=\"2 minuti\" \/>\n<script type=\"application\/ld+json\" class=\"yoast-schema-graph\">{\"@context\":\"https:\/\/schema.org\",\"@graph\":[{\"@type\":\"Organization\",\"@id\":\"https:\/\/www.astravernici.it\/it\/#organization\",\"name\":\"Astra Vernici\",\"url\":\"https:\/\/www.astravernici.it\/it\/\",\"sameAs\":[],\"logo\":{\"@type\":\"ImageObject\",\"@id\":\"https:\/\/www.astravernici.it\/it\/#logo\",\"inLanguage\":\"it-IT\",\"url\":\"https:\/\/www.astravernici.it\/wp-content\/uploads\/2025\/10\/Logo-_Astra_750x492.svg\",\"contentUrl\":\"https:\/\/www.astravernici.it\/wp-content\/uploads\/2025\/10\/Logo-_Astra_750x492.svg\",\"caption\":\"Astra Vernici\"},\"image\":{\"@id\":\"https:\/\/www.astravernici.it\/it\/#logo\"}},{\"@type\":\"WebSite\",\"@id\":\"https:\/\/www.astravernici.it\/it\/#website\",\"url\":\"https:\/\/www.astravernici.it\/it\/\",\"name\":\"Astra Vernici\",\"description\":\"Your Coating Partner\",\"publisher\":{\"@id\":\"https:\/\/www.astravernici.it\/it\/#organization\"},\"potentialAction\":[{\"@type\":\"SearchAction\",\"target\":{\"@type\":\"EntryPoint\",\"urlTemplate\":\"https:\/\/www.astravernici.it\/it\/?s={search_term_string}\"},\"query-input\":\"required name=search_term_string\"}],\"inLanguage\":\"it-IT\"},{\"@type\":\"ImageObject\",\"@id\":\"https:\/\/www.astravernici.it\/it\/vernici-al-solvente\/#primaryimage\",\"inLanguage\":\"it-IT\",\"url\":\"https:\/\/www.astravernici.it\/wp-content\/uploads\/2021\/11\/60-30-10_banner.jpg\",\"contentUrl\":\"https:\/\/www.astravernici.it\/wp-content\/uploads\/2021\/11\/60-30-10_banner.jpg\",\"width\":1900,\"height\":600},{\"@type\":\"WebPage\",\"@id\":\"https:\/\/www.astravernici.it\/it\/vernici-al-solvente\/#webpage\",\"url\":\"https:\/\/www.astravernici.it\/it\/vernici-al-solvente\/\",\"name\":\"Vernici al solvente | Astra Vernici\",\"isPartOf\":{\"@id\":\"https:\/\/www.astravernici.it\/it\/#website\"},\"primaryImageOfPage\":{\"@id\":\"https:\/\/www.astravernici.it\/it\/vernici-al-solvente\/#primaryimage\"},\"datePublished\":\"2021-01-22T12:20:42+00:00\",\"dateModified\":\"2025-12-17T13:34:11+00:00\",\"description\":\"Scopri la nostra gamma di vernici al solvente per legno: poliuretanici, poliesteri, vernici acrilici, UV e ignifughi.\",\"breadcrumb\":{\"@id\":\"https:\/\/www.astravernici.it\/it\/vernici-al-solvente\/#breadcrumb\"},\"inLanguage\":\"it-IT\",\"potentialAction\":[{\"@type\":\"ReadAction\",\"target\":[\"https:\/\/www.astravernici.it\/it\/vernici-al-solvente\/\"]}]},{\"@type\":\"BreadcrumbList\",\"@id\":\"https:\/\/www.astravernici.it\/it\/vernici-al-solvente\/#breadcrumb\",\"itemListElement\":[{\"@type\":\"ListItem\",\"position\":1,\"name\":\"Home\",\"item\":\"https:\/\/www.astravernici.it\/it\/\"},{\"@type\":\"ListItem\",\"position\":2,\"name\":\"Vernici al solvente\"}]}]}<\/script>\n<!-- \/ Yoast SEO Premium plugin. -->","yoast_head_json":{"title":"Vernici al solvente | Astra Vernici","description":"Scopri la nostra gamma di vernici al solvente per legno: poliuretanici, poliesteri, vernici acrilici, UV e ignifughi.","robots":{"index":"index","follow":"follow","max-snippet":"max-snippet:-1","max-image-preview":"max-image-preview:large","max-video-preview":"max-video-preview:-1"},"canonical":"https:\/\/www.astravernici.it\/it\/vernici-al-solvente\/","og_locale":"it_IT","og_type":"article","og_title":"Vernici al solvente | Astra Vernici","og_description":"Scopri la nostra gamma di vernici al solvente per legno: poliuretanici, poliesteri, vernici acrilici, UV e ignifughi.","og_url":"https:\/\/www.astravernici.it\/it\/vernici-al-solvente\/","og_site_name":"Astra Vernici","article_modified_time":"2025-12-17T13:34:11+00:00","og_image":[{"width":1900,"height":600,"url":"https:\/\/www.astravernici.it\/wp-content\/uploads\/2021\/11\/60-30-10_banner.jpg","type":"image\/jpeg"}],"twitter_card":"summary_large_image","twitter_misc":{"Tempo di lettura stimato":"2 minuti"},"schema":{"@context":"https:\/\/schema.org","@graph":[{"@type":"Organization","@id":"https:\/\/www.astravernici.it\/it\/#organization","name":"Astra Vernici","url":"https:\/\/www.astravernici.it\/it\/","sameAs":[],"logo":{"@type":"ImageObject","@id":"https:\/\/www.astravernici.it\/it\/#logo","inLanguage":"it-IT","url":"https:\/\/www.astravernici.it\/wp-content\/uploads\/2025\/10\/Logo-_Astra_750x492.svg","contentUrl":"https:\/\/www.astravernici.it\/wp-content\/uploads\/2025\/10\/Logo-_Astra_750x492.svg","caption":"Astra Vernici"},"image":{"@id":"https:\/\/www.astravernici.it\/it\/#logo"}},{"@type":"WebSite","@id":"https:\/\/www.astravernici.it\/it\/#website","url":"https:\/\/www.astravernici.it\/it\/","name":"Astra Vernici","description":"Your Coating Partner","publisher":{"@id":"https:\/\/www.astravernici.it\/it\/#organization"},"potentialAction":[{"@type":"SearchAction","target":{"@type":"EntryPoint","urlTemplate":"https:\/\/www.astravernici.it\/it\/?s={search_term_string}"},"query-input":"required name=search_term_string"}],"inLanguage":"it-IT"},{"@type":"ImageObject","@id":"https:\/\/www.astravernici.it\/it\/vernici-al-solvente\/#primaryimage","inLanguage":"it-IT","url":"https:\/\/www.astravernici.it\/wp-content\/uploads\/2021\/11\/60-30-10_banner.jpg","contentUrl":"https:\/\/www.astravernici.it\/wp-content\/uploads\/2021\/11\/60-30-10_banner.jpg","width":1900,"height":600},{"@type":"WebPage","@id":"https:\/\/www.astravernici.it\/it\/vernici-al-solvente\/#webpage","url":"https:\/\/www.astravernici.it\/it\/vernici-al-solvente\/","name":"Vernici al solvente | Astra Vernici","isPartOf":{"@id":"https:\/\/www.astravernici.it\/it\/#website"},"primaryImageOfPage":{"@id":"https:\/\/www.astravernici.it\/it\/vernici-al-solvente\/#primaryimage"},"datePublished":"2021-01-22T12:20:42+00:00","dateModified":"2025-12-17T13:34:11+00:00","description":"Scopri la nostra gamma di vernici al solvente per legno: poliuretanici, poliesteri, vernici acrilici, UV e ignifughi.","breadcrumb":{"@id":"https:\/\/www.astravernici.it\/it\/vernici-al-solvente\/#breadcrumb"},"inLanguage":"it-IT","potentialAction":[{"@type":"ReadAction","target":["https:\/\/www.astravernici.it\/it\/vernici-al-solvente\/"]}]},{"@type":"BreadcrumbList","@id":"https:\/\/www.astravernici.it\/it\/vernici-al-solvente\/#breadcrumb","itemListElement":[{"@type":"ListItem","position":1,"name":"Home","item":"https:\/\/www.astravernici.it\/it\/"},{"@type":"ListItem","position":2,"name":"Vernici al solvente"}]}]}},"_links":{"self":[{"href":"https:\/\/www.astravernici.it\/it\/wp-json\/wp\/v2\/pages\/32014"}],"collection":[{"href":"https:\/\/www.astravernici.it\/it\/wp-json\/wp\/v2\/pages"}],"about":[{"href":"https:\/\/www.astravernici.it\/it\/wp-json\/wp\/v2\/types\/page"}],"author":[{"embeddable":true,"href":"https:\/\/www.astravernici.it\/it\/wp-json\/wp\/v2\/users\/1"}],"replies":[{"embeddable":true,"href":"https:\/\/www.astravernici.it\/it\/wp-json\/wp\/v2\/comments?post=32014"}],"version-history":[{"count":62,"href":"https:\/\/www.astravernici.it\/it\/wp-json\/wp\/v2\/pages\/32014\/revisions"}],"predecessor-version":[{"id":36798,"href":"https:\/\/www.astravernici.it\/it\/wp-json\/wp\/v2\/pages\/32014\/revisions\/36798"}],"wp:featuredmedia":[{"embeddable":true,"href":"https:\/\/www.astravernici.it\/it\/wp-json\/wp\/v2\/media\/34410"}],"wp:attachment":[{"href":"https:\/\/www.astravernici.it\/it\/wp-json\/wp\/v2\/media?parent=32014"}],"curies":[{"name":"wp","href":"https:\/\/api.w.org\/{rel}","templated":true}]}}